{"id":144,"date":"2021-03-02T00:08:46","date_gmt":"2021-03-02T03:08:46","guid":{"rendered":"http:\/\/67.23.238.17\/~ppghsuerjpro\/novo\/?page_id=144"},"modified":"2021-03-02T00:09:04","modified_gmt":"2021-03-02T03:09:04","slug":"estrutura-curricular","status":"publish","type":"page","link":"https:\/\/www.ppghsuerj.pro.br\/es\/programa-de-pos-graduacao-em-historia-social\/estrutura-curricular\/","title":{"rendered":"(Portugu\u00eas do Brasil) Estrutura Curricular"},"content":{"rendered":"<p class=\"qtranxs-available-languages-message qtranxs-available-languages-message-es\">Disculpa, pero esta entrada est\u00e1 disponible s\u00f3lo en <a href=\"https:\/\/www.ppghsuerj.pro.br\/pb\/wp-json\/wp\/v2\/pages\/144\" class=\"qtranxs-available-language-link qtranxs-available-language-link-pb\" title=\"Portugu\u00eas do Brasil\">Portugu\u00eas do Brasil<\/a>.<\/p>","protected":false},"excerpt":{"rendered":"<p>Disculpa, pero esta entrada est\u00e1 disponible s\u00f3lo en Portugu\u00eas do Brasil.<\/p>\n","protected":false},"author":1,"featured_media":0,"parent":12,"menu_order":0,"comment_status":"closed","ping_status":"closed","template":"","meta":{"_acf_changed":false,"footnotes":""},"class_list":["post-144","page","type-page","status-publish","hentry"],"acf":[],"yoast_head":"<!-- This site is optimized with the Yoast SEO plugin v26.9 - https:\/\/yoast.com\/product\/yoast-seo-wordpress\/ -->\n<title><\/title>\n<meta name=\"robots\" content=\"index, follow, max-snippet:-1, max-image-preview:large, max-video-preview:-1\" \/>\n<link rel=\"canonical\" href=\"https:\/\/www.ppghsuerj.pro.br\/programa-de-pos-graduacao-em-historia-social\/estrutura-curricular\/\" \/>\n<meta property=\"og:locale\" content=\"es_ES\" \/>\n<meta property=\"og:type\" content=\"article\" \/>\n<meta property=\"og:title\" content=\"[:pb]Estrutura Curricular [:] - Portal da \u00c1rea da Hist\u00f3ria da FFP\/UERJ\" \/>\n<meta property=\"og:description\" content=\"Disculpa, pero esta entrada est\u00e1 disponible s\u00f3lo en Portugu\u00eas do Brasil.\" \/>\n<meta property=\"og:url\" content=\"https:\/\/www.ppghsuerj.pro.br\/programa-de-pos-graduacao-em-historia-social\/estrutura-curricular\/\" \/>\n<meta property=\"og:site_name\" content=\"Portal da \u00c1rea da Hist\u00f3ria da FFP\/UERJ\" \/>\n<meta property=\"article:modified_time\" content=\"2021-03-02T03:09:04+00:00\" \/>\n<meta name=\"twitter:card\" content=\"summary_large_image\" \/>\n<meta name=\"twitter:label1\" content=\"Tiempo de lectura\" \/>\n\t<meta name=\"twitter:data1\" content=\"2 minutos\" \/>\n<script type=\"application\/ld+json\" class=\"yoast-schema-graph\">{\"@context\":\"https:\/\/schema.org\",\"@graph\":[{\"@type\":\"WebPage\",\"@id\":\"https:\/\/www.ppghsuerj.pro.br\/programa-de-pos-graduacao-em-historia-social\/estrutura-curricular\/\",\"url\":\"https:\/\/www.ppghsuerj.pro.br\/programa-de-pos-graduacao-em-historia-social\/estrutura-curricular\/\",\"name\":\"[:pb]Estrutura Curricular [:] - Portal da \u00c1rea da Hist\u00f3ria da FFP\/UERJ\",\"isPartOf\":{\"@id\":\"https:\/\/www.ppghsuerj.pro.br\/#website\"},\"datePublished\":\"2021-03-02T03:08:46+00:00\",\"dateModified\":\"2021-03-02T03:09:04+00:00\",\"breadcrumb\":{\"@id\":\"https:\/\/www.ppghsuerj.pro.br\/programa-de-pos-graduacao-em-historia-social\/estrutura-curricular\/#breadcrumb\"},\"inLanguage\":\"es\",\"potentialAction\":[{\"@type\":\"ReadAction\",\"target\":[\"https:\/\/www.ppghsuerj.pro.br\/programa-de-pos-graduacao-em-historia-social\/estrutura-curricular\/\"]}]},{\"@type\":\"BreadcrumbList\",\"@id\":\"https:\/\/www.ppghsuerj.pro.br\/programa-de-pos-graduacao-em-historia-social\/estrutura-curricular\/#breadcrumb\",\"itemListElement\":[{\"@type\":\"ListItem\",\"position\":1,\"name\":\"In\u00edcio\",\"item\":\"https:\/\/www.ppghsuerj.pro.br\/\"},{\"@type\":\"ListItem\",\"position\":2,\"name\":\"Programa de p\u00f3s-gradua\u00e7\u00e3o em Hist\u00f3ria Social\",\"item\":\"https:\/\/www.ppghsuerj.pro.br\/programa-de-pos-graduacao-em-historia-social\/\"},{\"@type\":\"ListItem\",\"position\":3,\"name\":\"Estrutura Curricular\"}]},{\"@type\":\"WebSite\",\"@id\":\"https:\/\/www.ppghsuerj.pro.br\/#website\",\"url\":\"https:\/\/www.ppghsuerj.pro.br\/\",\"name\":\"Portal da \u00c1rea da Hist\u00f3ria da FFP\/UERJ\",\"description\":\"\",\"potentialAction\":[{\"@type\":\"SearchAction\",\"target\":{\"@type\":\"EntryPoint\",\"urlTemplate\":\"https:\/\/www.ppghsuerj.pro.br\/?s={search_term_string}\"},\"query-input\":{\"@type\":\"PropertyValueSpecification\",\"valueRequired\":true,\"valueName\":\"search_term_string\"}}],\"inLanguage\":\"es\"}]}<\/script>\n<!-- \/ Yoast SEO plugin. -->","yoast_head_json":{"title":"[:pb]Estrutura Curricular [:] - Portal da \u00c1rea da Hist\u00f3ria da FFP\/UERJ","robots":{"index":"index","follow":"follow","max-snippet":"max-snippet:-1","max-image-preview":"max-image-preview:large","max-video-preview":"max-video-preview:-1"},"canonical":"https:\/\/www.ppghsuerj.pro.br\/programa-de-pos-graduacao-em-historia-social\/estrutura-curricular\/","og_locale":"es_ES","og_type":"article","og_title":"[:pb]Estrutura Curricular [:] - Portal da \u00c1rea da Hist\u00f3ria da FFP\/UERJ","og_description":"Disculpa, pero esta entrada est\u00e1 disponible s\u00f3lo en Portugu\u00eas do Brasil.","og_url":"https:\/\/www.ppghsuerj.pro.br\/programa-de-pos-graduacao-em-historia-social\/estrutura-curricular\/","og_site_name":"Portal da \u00c1rea da Hist\u00f3ria da FFP\/UERJ","article_modified_time":"2021-03-02T03:09:04+00:00","twitter_card":"summary_large_image","twitter_misc":{"Tiempo de lectura":"2 minutos"},"schema":{"@context":"https:\/\/schema.org","@graph":[{"@type":"WebPage","@id":"https:\/\/www.ppghsuerj.pro.br\/programa-de-pos-graduacao-em-historia-social\/estrutura-curricular\/","url":"https:\/\/www.ppghsuerj.pro.br\/programa-de-pos-graduacao-em-historia-social\/estrutura-curricular\/","name":"[:pb]Estrutura Curricular [:] - Portal da \u00c1rea da Hist\u00f3ria da FFP\/UERJ","isPartOf":{"@id":"https:\/\/www.ppghsuerj.pro.br\/#website"},"datePublished":"2021-03-02T03:08:46+00:00","dateModified":"2021-03-02T03:09:04+00:00","breadcrumb":{"@id":"https:\/\/www.ppghsuerj.pro.br\/programa-de-pos-graduacao-em-historia-social\/estrutura-curricular\/#breadcrumb"},"inLanguage":"es","potentialAction":[{"@type":"ReadAction","target":["https:\/\/www.ppghsuerj.pro.br\/programa-de-pos-graduacao-em-historia-social\/estrutura-curricular\/"]}]},{"@type":"BreadcrumbList","@id":"https:\/\/www.ppghsuerj.pro.br\/programa-de-pos-graduacao-em-historia-social\/estrutura-curricular\/#breadcrumb","itemListElement":[{"@type":"ListItem","position":1,"name":"In\u00edcio","item":"https:\/\/www.ppghsuerj.pro.br\/"},{"@type":"ListItem","position":2,"name":"Programa de p\u00f3s-gradua\u00e7\u00e3o em Hist\u00f3ria Social","item":"https:\/\/www.ppghsuerj.pro.br\/programa-de-pos-graduacao-em-historia-social\/"},{"@type":"ListItem","position":3,"name":"Estrutura Curricular"}]},{"@type":"WebSite","@id":"https:\/\/www.ppghsuerj.pro.br\/#website","url":"https:\/\/www.ppghsuerj.pro.br\/","name":"Portal da \u00c1rea da Hist\u00f3ria da FFP\/UERJ","description":"","potentialAction":[{"@type":"SearchAction","target":{"@type":"EntryPoint","urlTemplate":"https:\/\/www.ppghsuerj.pro.br\/?s={search_term_string}"},"query-input":{"@type":"PropertyValueSpecification","valueRequired":true,"valueName":"search_term_string"}}],"inLanguage":"es"}]}},"_links":{"self":[{"href":"https:\/\/www.ppghsuerj.pro.br\/es\/wp-json\/wp\/v2\/pages\/144","targetHints":{"allow":["GET"]}}],"collection":[{"href":"https:\/\/www.ppghsuerj.pro.br\/es\/wp-json\/wp\/v2\/pages"}],"about":[{"href":"https:\/\/www.ppghsuerj.pro.br\/es\/wp-json\/wp\/v2\/types\/page"}],"author":[{"embeddable":true,"href":"https:\/\/www.ppghsuerj.pro.br\/es\/wp-json\/wp\/v2\/users\/1"}],"replies":[{"embeddable":true,"href":"https:\/\/www.ppghsuerj.pro.br\/es\/wp-json\/wp\/v2\/comments?post=144"}],"version-history":[{"count":2,"href":"https:\/\/www.ppghsuerj.pro.br\/es\/wp-json\/wp\/v2\/pages\/144\/revisions"}],"predecessor-version":[{"id":146,"href":"https:\/\/www.ppghsuerj.pro.br\/es\/wp-json\/wp\/v2\/pages\/144\/revisions\/146"}],"up":[{"embeddable":true,"href":"https:\/\/www.ppghsuerj.pro.br\/es\/wp-json\/wp\/v2\/pages\/12"}],"wp:attachment":[{"href":"https:\/\/www.ppghsuerj.pro.br\/es\/wp-json\/wp\/v2\/media?parent=144"}],"curies":[{"name":"wp","href":"https:\/\/api.w.org\/{rel}","templated":true}]}}