{"id":55,"date":"2021-03-02T00:38:22","date_gmt":"2021-03-02T03:38:22","guid":{"rendered":"http:\/\/67.23.238.17\/~ppghsuerjpro\/novo\/?page_id=55"},"modified":"2021-03-02T00:52:04","modified_gmt":"2021-03-02T03:52:04","slug":"fluxograma","status":"publish","type":"page","link":"https:\/\/www.ppghsuerj.pro.br\/en\/graducao-em-historia\/fluxograma\/","title":{"rendered":"Fluxograma"},"content":{"rendered":"<table class=\"table\" cellspacing=\"2\" cellpadding=\"2\">\n<tbody>\n<tr>\n<td class=\"bg-tb-cinza td\" valign=\"top\" width=\"155\">\n<p align=\"center\"><strong>1\u00ba<\/strong><\/p>\n<\/td>\n<td class=\"bg-tb-cinza td\" valign=\"top\" width=\"151\">\n<p align=\"center\"><strong>2\u00ba<\/strong><\/p>\n<\/td>\n<td class=\"bg-tb-cinza td\" valign=\"top\" width=\"142\">\n<p align=\"center\"><strong>3\u00ba<\/strong><\/p>\n<\/td>\n<td class=\"bg-tb-cinza td\" valign=\"top\" width=\"130\">\n<p align=\"center\"><strong>4\u00ba<\/strong><\/p>\n<\/td>\n<\/tr>\n<tr>\n<td class=\"td\" valign=\"top\" width=\"155\">\n<p align=\"center\">Introdu\u00e7\u00e3o a Hist\u00f3ria<\/p>\n<\/td>\n<td class=\"td\" valign=\"top\" width=\"151\">\n<p align=\"center\">Teoria da Hist\u00f3ria I<\/p>\n<\/td>\n<td class=\"td\" valign=\"top\" width=\"142\">\n<p align=\"center\">Hist\u00f3ria da \u00c1frica<\/p>\n<\/td>\n<td class=\"td\" valign=\"top\" width=\"130\">\n<p align=\"center\">Teoria da Hist\u00f3ria II<\/p>\n<\/td>\n<\/tr>\n<tr>\n<td class=\"td\" valign=\"top\" width=\"155\">\n<p align=\"center\">Hist\u00f3ria Antiga do Oriente<\/p>\n<\/td>\n<td class=\"td\" valign=\"top\" width=\"151\">\n<p align=\"center\">Hist\u00f3ria Medieval do Oriente<\/p>\n<\/td>\n<td class=\"td\" valign=\"top\" width=\"142\">\n<p align=\"center\">Hist\u00f3ria Moderna I<\/p>\n<\/td>\n<td class=\"td\" valign=\"top\" width=\"130\">\n<p align=\"center\">Hist\u00f3ria Moderna II<\/p>\n<\/td>\n<\/tr>\n<tr>\n<td class=\"td\" valign=\"top\" width=\"155\">\n<p align=\"center\">Hist\u00f3ria Antiga do Ocidente<\/p>\n<\/td>\n<td class=\"td\" valign=\"top\" width=\"151\">\n<p align=\"center\">Hist\u00f3ria Medieval do Ocidente<\/p>\n<\/td>\n<td class=\"td\" valign=\"top\" width=\"142\">\n<p align=\"center\">Hist\u00f3ria da Am\u00e9rica I<\/p>\n<\/td>\n<td class=\"td\" valign=\"top\" width=\"130\">\n<p align=\"center\">Hist\u00f3ria da Am\u00e9rica II<\/p>\n<\/td>\n<\/tr>\n<tr>\n<td class=\"td\" valign=\"top\" width=\"155\">\n<p align=\"center\">Filosofia da Educa\u00e7\u00e3o<\/p>\n<\/td>\n<td class=\"td\" valign=\"top\" width=\"151\">\n<p align=\"center\">Hist\u00f3ria do Brasil I<\/p>\n<\/td>\n<td class=\"td\" valign=\"top\" width=\"142\">\n<p align=\"center\">Hist\u00f3ria do Brasil II<\/p>\n<\/td>\n<td class=\"td\" valign=\"top\" width=\"130\">\n<p align=\"center\">Hist\u00f3ria do Brasil III<\/p>\n<\/td>\n<\/tr>\n<tr>\n<td class=\"td\" valign=\"top\" width=\"155\">\n<p align=\"center\">Filosofia I<\/p>\n<\/td>\n<td class=\"td\" valign=\"top\" width=\"151\">\n<p align=\"center\">Sociologia da Educa\u00e7\u00e3o<\/p>\n<\/td>\n<td class=\"td\" valign=\"top\" width=\"142\">\n<p align=\"center\">Did\u00e1tica<\/p>\n<\/td>\n<td class=\"td\" valign=\"top\" width=\"130\">\n<p align=\"center\">Pol\u00edtica P\u00fablicas e Educa\u00e7\u00e3o<\/p>\n<\/td>\n<\/tr>\n<tr>\n<td class=\"td\" valign=\"top\" width=\"155\">\n<p align=\"center\">Laborat\u00f3rio de Ensino de Hist\u00f3ria I<\/p>\n<\/td>\n<td class=\"td\" valign=\"top\" width=\"151\">\n<p align=\"center\">Antropologia<\/p>\n<\/td>\n<td class=\"td\" valign=\"top\" width=\"142\">\n<p align=\"center\">Psicologia da Educa\u00e7\u00e3o<\/p>\n<\/td>\n<td class=\"td\" valign=\"top\" width=\"130\">\n<p align=\"center\">Sociologia Geral<\/p>\n<\/td>\n<\/tr>\n<tr>\n<td class=\"td\" valign=\"top\" height=\"61\">\n<p align=\"center\">\n<\/td>\n<td class=\"td\" valign=\"top\">\n<p align=\"center\">Laborat\u00f3rio de Ensino de Hist\u00f3ria II<\/p>\n<\/td>\n<td class=\"td\" valign=\"top\">\n<p align=\"center\">Laborat\u00f3rio de Ensino de Hist\u00f3ria III<\/p>\n<\/td>\n<td class=\"td\" valign=\"top\">\n<p align=\"center\">Laborat\u00f3rio de Ensino de Hist\u00f3ria\u00a0 IV<\/p>\n<\/td>\n<\/tr>\n<tr>\n<td class=\"td\" valign=\"top\" width=\"155\" height=\"61\">\n<p align=\"center\">\n<\/td>\n<td class=\"td\" valign=\"top\" width=\"151\">\n<p align=\"center\">\n<\/td>\n<td class=\"td\" valign=\"top\" width=\"142\">\n<p align=\"center\">Filosofia II<\/p>\n<\/td>\n<td class=\"td\" valign=\"top\" width=\"130\">\n<p align=\"center\">\n<\/td>\n<\/tr>\n<\/tbody>\n<\/table>\n<p>&nbsp;<\/p>\n<table class=\"table\" cellspacing=\"2\" cellpadding=\"2\">\n<tbody>\n<tr>\n<td class=\"bg-tb-cinza td\" valign=\"top\" width=\"150\">\n<p align=\"center\"><strong>5\u00ba<\/strong><\/p>\n<\/td>\n<td class=\"bg-tb-cinza td\" valign=\"top\" width=\"151\">\n<p align=\"center\"><strong>6\u00ba<\/strong><\/p>\n<\/td>\n<td class=\"bg-tb-cinza td\" valign=\"top\" width=\"143\">\n<p align=\"center\"><strong>7\u00ba<\/strong><\/p>\n<\/td>\n<td class=\"bg-tb-cinza td\" valign=\"top\" width=\"131\">\n<p align=\"center\"><strong>8\u00ba<\/strong><\/p>\n<\/td>\n<\/tr>\n<tr>\n<td class=\"td\" valign=\"top\" width=\"150\">\n<p align=\"center\">Hist\u00f3ria Contemp I<\/p>\n<\/td>\n<td class=\"td\" valign=\"top\" width=\"151\">\n<p align=\"center\">Hist\u00f3ria Contemp II<\/p>\n<\/td>\n<td class=\"td\" valign=\"top\" width=\"143\">\n<p align=\"center\">Hist\u00f3ria Contemp III<\/p>\n<\/td>\n<td class=\"td\" valign=\"top\" width=\"131\">\n<p align=\"center\">Hist\u00f3ria Contemp IV<\/p>\n<\/td>\n<\/tr>\n<tr>\n<td class=\"td\" valign=\"top\" width=\"150\">\n<p align=\"center\">Hist\u00f3ria da Am\u00e9rica III<\/p>\n<\/td>\n<td class=\"td\" valign=\"top\" width=\"151\">\n<p align=\"center\">Hist\u00f3ria do Brasil V<\/p>\n<\/td>\n<td class=\"td\" valign=\"top\" width=\"143\">\n<p align=\"center\">Hist\u00f3ria do Brasil VI<\/p>\n<\/td>\n<td class=\"td\" valign=\"top\" width=\"131\">\n<p align=\"center\">ELETIVA<\/p>\n<\/td>\n<\/tr>\n<tr>\n<td class=\"td\" valign=\"top\" width=\"150\">\n<p align=\"center\">Hist\u00f3ria do Brasil IV<\/p>\n<\/td>\n<td class=\"td\" valign=\"top\" width=\"151\">\n<p align=\"center\">ELETIVA<\/p>\n<\/td>\n<td class=\"td\" valign=\"top\" width=\"143\">\n<p align=\"center\">ELETIVA<\/p>\n<\/td>\n<td class=\"td\" valign=\"top\" width=\"131\">\n<p align=\"center\">ELETIVA<\/p>\n<\/td>\n<\/tr>\n<tr>\n<td class=\"td\" valign=\"top\" width=\"150\">\n<p align=\"center\">ELETIVA<\/p>\n<\/td>\n<td class=\"td\" valign=\"top\" width=\"151\">\n<p align=\"center\">ELETIVA<\/p>\n<\/td>\n<td class=\"td\" valign=\"top\" width=\"143\">\n<p align=\"center\">ELETIVA<\/p>\n<\/td>\n<td class=\"td\" valign=\"top\" width=\"131\">\n<p align=\"center\">Monografia II<\/p>\n<\/td>\n<\/tr>\n<tr>\n<td class=\"td\" valign=\"top\" width=\"150\">\n<p align=\"center\">Hist\u00f3ria Fluminense<\/p>\n<\/td>\n<td class=\"td\" valign=\"top\" width=\"151\">\n<p align=\"center\">Laborat\u00f3rio de Pesquisa em Hist\u00f3ria<\/p>\n<\/td>\n<td class=\"td\" valign=\"top\" width=\"143\">\n<p align=\"center\">Monografia I<\/p>\n<\/td>\n<td class=\"td\" valign=\"top\" width=\"131\">\n<p align=\"center\">Est\u00e1gio Supervisionado IV<\/p>\n<\/td>\n<\/tr>\n<tr>\n<td class=\"td\" valign=\"top\" width=\"150\">\n<p align=\"center\">Est\u00e1gio Supervisionado I<\/p>\n<\/td>\n<td class=\"td\" valign=\"top\" width=\"151\">\n<p align=\"center\">Est\u00e1gio Supervisionado II<\/p>\n<\/td>\n<td class=\"td\" valign=\"top\" width=\"143\">\n<p align=\"center\">Est\u00e1gio Supervisionado III<\/p>\n<\/td>\n<td class=\"td\" valign=\"top\" width=\"131\"><\/td>\n<\/tr>\n<\/tbody>\n<\/table>\n","protected":false},"excerpt":{"rendered":"<p>1\u00ba 2\u00ba 3\u00ba 4\u00ba Introdu\u00e7\u00e3o a Hist\u00f3ria Teoria da Hist\u00f3ria I Hist\u00f3ria da \u00c1frica Teoria da Hist\u00f3ria II Hist\u00f3ria Antiga do Oriente Hist\u00f3ria Medieval do Oriente Hist\u00f3ria Moderna I Hist\u00f3ria Moderna II Hist\u00f3ria Antiga do Ocidente Hist\u00f3ria Medieval do Ocidente Hist\u00f3ria da Am\u00e9rica I Hist\u00f3ria da Am\u00e9rica II Filosofia da Educa\u00e7\u00e3o Hist\u00f3ria do Brasil I &hellip; <a href=\"https:\/\/www.ppghsuerj.pro.br\/en\/graducao-em-historia\/fluxograma\/\" class=\"more-link\">Continue reading <span class=\"screen-reader-text\">Fluxograma<\/span><\/a><\/p>\n","protected":false},"author":1,"featured_media":0,"parent":10,"menu_order":4,"comment_status":"closed","ping_status":"closed","template":"","meta":{"_acf_changed":false,"footnotes":""},"class_list":["post-55","page","type-page","status-publish","hentry"],"acf":[],"yoast_head":"<!-- This site is optimized with the Yoast SEO plugin v26.9 - https:\/\/yoast.com\/product\/yoast-seo-wordpress\/ -->\n<title>Fluxograma - Portal da \u00c1rea da Hist\u00f3ria da FFP\/UERJ<\/title>\n<meta name=\"robots\" content=\"index, follow, max-snippet:-1, max-image-preview:large, max-video-preview:-1\" \/>\n<link rel=\"canonical\" href=\"https:\/\/www.ppghsuerj.pro.br\/graducao-em-historia\/fluxograma\/\" \/>\n<meta property=\"og:locale\" content=\"en_US\" \/>\n<meta property=\"og:type\" content=\"article\" \/>\n<meta property=\"og:title\" content=\"Fluxograma - Portal da \u00c1rea da Hist\u00f3ria da FFP\/UERJ\" \/>\n<meta property=\"og:description\" content=\"1\u00ba 2\u00ba 3\u00ba 4\u00ba Introdu\u00e7\u00e3o a Hist\u00f3ria Teoria da Hist\u00f3ria I Hist\u00f3ria da \u00c1frica Teoria da Hist\u00f3ria II Hist\u00f3ria Antiga do Oriente Hist\u00f3ria Medieval do Oriente Hist\u00f3ria Moderna I Hist\u00f3ria Moderna II Hist\u00f3ria Antiga do Ocidente Hist\u00f3ria Medieval do Ocidente Hist\u00f3ria da Am\u00e9rica I Hist\u00f3ria da Am\u00e9rica II Filosofia da Educa\u00e7\u00e3o Hist\u00f3ria do Brasil I &hellip; Continue reading Fluxograma\" \/>\n<meta property=\"og:url\" content=\"https:\/\/www.ppghsuerj.pro.br\/graducao-em-historia\/fluxograma\/\" \/>\n<meta property=\"og:site_name\" content=\"Portal da \u00c1rea da Hist\u00f3ria da FFP\/UERJ\" \/>\n<meta property=\"article:modified_time\" content=\"2021-03-02T03:52:04+00:00\" \/>\n<meta name=\"twitter:card\" content=\"summary_large_image\" \/>\n<meta name=\"twitter:label1\" content=\"Est. reading time\" \/>\n\t<meta name=\"twitter:data1\" content=\"1 minute\" \/>\n<script type=\"application\/ld+json\" class=\"yoast-schema-graph\">{\"@context\":\"https:\/\/schema.org\",\"@graph\":[{\"@type\":\"WebPage\",\"@id\":\"https:\/\/www.ppghsuerj.pro.br\/graducao-em-historia\/fluxograma\/\",\"url\":\"https:\/\/www.ppghsuerj.pro.br\/graducao-em-historia\/fluxograma\/\",\"name\":\"Fluxograma - Portal da \u00c1rea da Hist\u00f3ria da FFP\/UERJ\",\"isPartOf\":{\"@id\":\"https:\/\/www.ppghsuerj.pro.br\/#website\"},\"datePublished\":\"2021-03-02T03:38:22+00:00\",\"dateModified\":\"2021-03-02T03:52:04+00:00\",\"breadcrumb\":{\"@id\":\"https:\/\/www.ppghsuerj.pro.br\/graducao-em-historia\/fluxograma\/#breadcrumb\"},\"inLanguage\":\"en-US\",\"potentialAction\":[{\"@type\":\"ReadAction\",\"target\":[\"https:\/\/www.ppghsuerj.pro.br\/graducao-em-historia\/fluxograma\/\"]}]},{\"@type\":\"BreadcrumbList\",\"@id\":\"https:\/\/www.ppghsuerj.pro.br\/graducao-em-historia\/fluxograma\/#breadcrumb\",\"itemListElement\":[{\"@type\":\"ListItem\",\"position\":1,\"name\":\"In\u00edcio\",\"item\":\"https:\/\/www.ppghsuerj.pro.br\/\"},{\"@type\":\"ListItem\",\"position\":2,\"name\":\"Gradu\u00e7\u00e3o em Hist\u00f3ria\",\"item\":\"https:\/\/www.ppghsuerj.pro.br\/graducao-em-historia\/\"},{\"@type\":\"ListItem\",\"position\":3,\"name\":\"Fluxograma\"}]},{\"@type\":\"WebSite\",\"@id\":\"https:\/\/www.ppghsuerj.pro.br\/#website\",\"url\":\"https:\/\/www.ppghsuerj.pro.br\/\",\"name\":\"Portal da \u00c1rea da Hist\u00f3ria da FFP\/UERJ\",\"description\":\"\",\"potentialAction\":[{\"@type\":\"SearchAction\",\"target\":{\"@type\":\"EntryPoint\",\"urlTemplate\":\"https:\/\/www.ppghsuerj.pro.br\/?s={search_term_string}\"},\"query-input\":{\"@type\":\"PropertyValueSpecification\",\"valueRequired\":true,\"valueName\":\"search_term_string\"}}],\"inLanguage\":\"en-US\"}]}<\/script>\n<!-- \/ Yoast SEO plugin. -->","yoast_head_json":{"title":"Fluxograma - Portal da \u00c1rea da Hist\u00f3ria da FFP\/UERJ","robots":{"index":"index","follow":"follow","max-snippet":"max-snippet:-1","max-image-preview":"max-image-preview:large","max-video-preview":"max-video-preview:-1"},"canonical":"https:\/\/www.ppghsuerj.pro.br\/graducao-em-historia\/fluxograma\/","og_locale":"en_US","og_type":"article","og_title":"Fluxograma - Portal da \u00c1rea da Hist\u00f3ria da FFP\/UERJ","og_description":"1\u00ba 2\u00ba 3\u00ba 4\u00ba Introdu\u00e7\u00e3o a Hist\u00f3ria Teoria da Hist\u00f3ria I Hist\u00f3ria da \u00c1frica Teoria da Hist\u00f3ria II Hist\u00f3ria Antiga do Oriente Hist\u00f3ria Medieval do Oriente Hist\u00f3ria Moderna I Hist\u00f3ria Moderna II Hist\u00f3ria Antiga do Ocidente Hist\u00f3ria Medieval do Ocidente Hist\u00f3ria da Am\u00e9rica I Hist\u00f3ria da Am\u00e9rica II Filosofia da Educa\u00e7\u00e3o Hist\u00f3ria do Brasil I &hellip; Continue reading Fluxograma","og_url":"https:\/\/www.ppghsuerj.pro.br\/graducao-em-historia\/fluxograma\/","og_site_name":"Portal da \u00c1rea da Hist\u00f3ria da FFP\/UERJ","article_modified_time":"2021-03-02T03:52:04+00:00","twitter_card":"summary_large_image","twitter_misc":{"Est. reading time":"1 minute"},"schema":{"@context":"https:\/\/schema.org","@graph":[{"@type":"WebPage","@id":"https:\/\/www.ppghsuerj.pro.br\/graducao-em-historia\/fluxograma\/","url":"https:\/\/www.ppghsuerj.pro.br\/graducao-em-historia\/fluxograma\/","name":"Fluxograma - Portal da \u00c1rea da Hist\u00f3ria da FFP\/UERJ","isPartOf":{"@id":"https:\/\/www.ppghsuerj.pro.br\/#website"},"datePublished":"2021-03-02T03:38:22+00:00","dateModified":"2021-03-02T03:52:04+00:00","breadcrumb":{"@id":"https:\/\/www.ppghsuerj.pro.br\/graducao-em-historia\/fluxograma\/#breadcrumb"},"inLanguage":"en-US","potentialAction":[{"@type":"ReadAction","target":["https:\/\/www.ppghsuerj.pro.br\/graducao-em-historia\/fluxograma\/"]}]},{"@type":"BreadcrumbList","@id":"https:\/\/www.ppghsuerj.pro.br\/graducao-em-historia\/fluxograma\/#breadcrumb","itemListElement":[{"@type":"ListItem","position":1,"name":"In\u00edcio","item":"https:\/\/www.ppghsuerj.pro.br\/"},{"@type":"ListItem","position":2,"name":"Gradu\u00e7\u00e3o em Hist\u00f3ria","item":"https:\/\/www.ppghsuerj.pro.br\/graducao-em-historia\/"},{"@type":"ListItem","position":3,"name":"Fluxograma"}]},{"@type":"WebSite","@id":"https:\/\/www.ppghsuerj.pro.br\/#website","url":"https:\/\/www.ppghsuerj.pro.br\/","name":"Portal da \u00c1rea da Hist\u00f3ria da FFP\/UERJ","description":"","potentialAction":[{"@type":"SearchAction","target":{"@type":"EntryPoint","urlTemplate":"https:\/\/www.ppghsuerj.pro.br\/?s={search_term_string}"},"query-input":{"@type":"PropertyValueSpecification","valueRequired":true,"valueName":"search_term_string"}}],"inLanguage":"en-US"}]}},"_links":{"self":[{"href":"https:\/\/www.ppghsuerj.pro.br\/en\/wp-json\/wp\/v2\/pages\/55","targetHints":{"allow":["GET"]}}],"collection":[{"href":"https:\/\/www.ppghsuerj.pro.br\/en\/wp-json\/wp\/v2\/pages"}],"about":[{"href":"https:\/\/www.ppghsuerj.pro.br\/en\/wp-json\/wp\/v2\/types\/page"}],"author":[{"embeddable":true,"href":"https:\/\/www.ppghsuerj.pro.br\/en\/wp-json\/wp\/v2\/users\/1"}],"replies":[{"embeddable":true,"href":"https:\/\/www.ppghsuerj.pro.br\/en\/wp-json\/wp\/v2\/comments?post=55"}],"version-history":[{"count":1,"href":"https:\/\/www.ppghsuerj.pro.br\/en\/wp-json\/wp\/v2\/pages\/55\/revisions"}],"predecessor-version":[{"id":56,"href":"https:\/\/www.ppghsuerj.pro.br\/en\/wp-json\/wp\/v2\/pages\/55\/revisions\/56"}],"up":[{"embeddable":true,"href":"https:\/\/www.ppghsuerj.pro.br\/en\/wp-json\/wp\/v2\/pages\/10"}],"wp:attachment":[{"href":"https:\/\/www.ppghsuerj.pro.br\/en\/wp-json\/wp\/v2\/media?parent=55"}],"curies":[{"name":"wp","href":"https:\/\/api.w.org\/{rel}","templated":true}]}}