{"id":20,"date":"2021-02-08T19:52:35","date_gmt":"2021-02-08T22:52:35","guid":{"rendered":"http:\/\/67.23.238.17\/~ppghsuerjpro\/novo\/?page_id=20"},"modified":"2021-03-11T10:32:45","modified_gmt":"2021-03-11T13:32:45","slug":"objetivos","status":"publish","type":"page","link":"https:\/\/www.ppghsuerj.pro.br\/en\/graducao-em-historia\/objetivos\/","title":{"rendered":"Objetivos"},"content":{"rendered":"<p><\/p>\n<ul>\n<li>O curso de Licenciatura em Hist\u00f3ria procura formar profissionais para agirem com a desenvoltura necess\u00e1ria no mercado de trabalho, partindo do princ\u00edpio de que o professor de Hist\u00f3ria deve ser capaz de realizar a cr\u00edtica de qualquer narrativa historiogr\u00e1fica.<\/li>\n<li>Confere \u00eanfase ao exerc\u00edcio da pesquisa e da escrita da Hist\u00f3ria acad\u00eamica e escolar, ensejando ao aluno o di\u00e1logo entre os diferentes conhecimentos a que tem acesso ao longo do curso.<\/li>\n<li>Procura incentivar o aluno a participar de atividades de pesquisa e de inicia\u00e7\u00e3o \u00e0 doc\u00eancia, junto aos diversos projetos dos professores do Departamento, ou mesmo fora dele &#8211; est\u00e1gios em arquivos, museus etc.<\/li>\n<li>Ao final do curso, os alunos devem possuir algum dom\u00ednio sobre o patrim\u00f4nio te\u00f3rico e metodol\u00f3gico da Hist\u00f3ria e a habilidade de aplic\u00e1-lo na pr\u00e1tica de pesquisa e de doc\u00eancia.<\/li>\n<\/ul>\n<p><\/p>","protected":false},"excerpt":{"rendered":"<p>O curso de Licenciatura em Hist\u00f3ria procura formar profissionais para agirem com a desenvoltura necess\u00e1ria no mercado de trabalho, partindo do princ\u00edpio de que o professor de Hist\u00f3ria deve ser capaz de realizar a cr\u00edtica de qualquer narrativa historiogr\u00e1fica. Confere \u00eanfase ao exerc\u00edcio da pesquisa e da escrita da Hist\u00f3ria acad\u00eamica e escolar, ensejando ao &hellip; <a href=\"https:\/\/www.ppghsuerj.pro.br\/en\/graducao-em-historia\/objetivos\/\" class=\"more-link\">Continue reading <span class=\"screen-reader-text\">Objetivos<\/span><\/a><\/p>\n","protected":false},"author":1,"featured_media":0,"parent":10,"menu_order":0,"comment_status":"closed","ping_status":"closed","template":"","meta":{"_acf_changed":false,"footnotes":""},"class_list":["post-20","page","type-page","status-publish","hentry"],"acf":[],"yoast_head":"<!-- This site is optimized with the Yoast SEO plugin v26.9 - https:\/\/yoast.com\/product\/yoast-seo-wordpress\/ -->\n<title>Objetivos - Portal da \u00c1rea da Hist\u00f3ria da FFP\/UERJ<\/title>\n<meta name=\"robots\" content=\"index, follow, max-snippet:-1, max-image-preview:large, max-video-preview:-1\" \/>\n<link rel=\"canonical\" href=\"https:\/\/www.ppghsuerj.pro.br\/graducao-em-historia\/objetivos\/\" \/>\n<meta property=\"og:locale\" content=\"en_US\" \/>\n<meta property=\"og:type\" content=\"article\" \/>\n<meta property=\"og:title\" content=\"Objetivos - Portal da \u00c1rea da Hist\u00f3ria da FFP\/UERJ\" \/>\n<meta property=\"og:description\" content=\"O curso de Licenciatura em Hist\u00f3ria procura formar profissionais para agirem com a desenvoltura necess\u00e1ria no mercado de trabalho, partindo do princ\u00edpio de que o professor de Hist\u00f3ria deve ser capaz de realizar a cr\u00edtica de qualquer narrativa historiogr\u00e1fica. Confere \u00eanfase ao exerc\u00edcio da pesquisa e da escrita da Hist\u00f3ria acad\u00eamica e escolar, ensejando ao &hellip; Continue reading Objetivos\" \/>\n<meta property=\"og:url\" content=\"https:\/\/www.ppghsuerj.pro.br\/graducao-em-historia\/objetivos\/\" \/>\n<meta property=\"og:site_name\" content=\"Portal da \u00c1rea da Hist\u00f3ria da FFP\/UERJ\" \/>\n<meta property=\"article:modified_time\" content=\"2021-03-11T13:32:45+00:00\" \/>\n<meta name=\"twitter:card\" content=\"summary_large_image\" \/>\n<meta name=\"twitter:label1\" content=\"Est. reading time\" \/>\n\t<meta name=\"twitter:data1\" content=\"2 minutes\" \/>\n<script type=\"application\/ld+json\" class=\"yoast-schema-graph\">{\"@context\":\"https:\/\/schema.org\",\"@graph\":[{\"@type\":\"WebPage\",\"@id\":\"https:\/\/www.ppghsuerj.pro.br\/graducao-em-historia\/objetivos\/\",\"url\":\"https:\/\/www.ppghsuerj.pro.br\/graducao-em-historia\/objetivos\/\",\"name\":\"Objetivos - Portal da \u00c1rea da Hist\u00f3ria da FFP\/UERJ\",\"isPartOf\":{\"@id\":\"https:\/\/www.ppghsuerj.pro.br\/#website\"},\"datePublished\":\"2021-02-08T22:52:35+00:00\",\"dateModified\":\"2021-03-11T13:32:45+00:00\",\"breadcrumb\":{\"@id\":\"https:\/\/www.ppghsuerj.pro.br\/graducao-em-historia\/objetivos\/#breadcrumb\"},\"inLanguage\":\"en-US\",\"potentialAction\":[{\"@type\":\"ReadAction\",\"target\":[\"https:\/\/www.ppghsuerj.pro.br\/graducao-em-historia\/objetivos\/\"]}]},{\"@type\":\"BreadcrumbList\",\"@id\":\"https:\/\/www.ppghsuerj.pro.br\/graducao-em-historia\/objetivos\/#breadcrumb\",\"itemListElement\":[{\"@type\":\"ListItem\",\"position\":1,\"name\":\"In\u00edcio\",\"item\":\"https:\/\/www.ppghsuerj.pro.br\/\"},{\"@type\":\"ListItem\",\"position\":2,\"name\":\"Gradu\u00e7\u00e3o em Hist\u00f3ria\",\"item\":\"https:\/\/www.ppghsuerj.pro.br\/graducao-em-historia\/\"},{\"@type\":\"ListItem\",\"position\":3,\"name\":\"Objetivos\"}]},{\"@type\":\"WebSite\",\"@id\":\"https:\/\/www.ppghsuerj.pro.br\/#website\",\"url\":\"https:\/\/www.ppghsuerj.pro.br\/\",\"name\":\"Portal da \u00c1rea da Hist\u00f3ria da FFP\/UERJ\",\"description\":\"\",\"potentialAction\":[{\"@type\":\"SearchAction\",\"target\":{\"@type\":\"EntryPoint\",\"urlTemplate\":\"https:\/\/www.ppghsuerj.pro.br\/?s={search_term_string}\"},\"query-input\":{\"@type\":\"PropertyValueSpecification\",\"valueRequired\":true,\"valueName\":\"search_term_string\"}}],\"inLanguage\":\"en-US\"}]}<\/script>\n<!-- \/ Yoast SEO plugin. -->","yoast_head_json":{"title":"Objetivos - Portal da \u00c1rea da Hist\u00f3ria da FFP\/UERJ","robots":{"index":"index","follow":"follow","max-snippet":"max-snippet:-1","max-image-preview":"max-image-preview:large","max-video-preview":"max-video-preview:-1"},"canonical":"https:\/\/www.ppghsuerj.pro.br\/graducao-em-historia\/objetivos\/","og_locale":"en_US","og_type":"article","og_title":"Objetivos - Portal da \u00c1rea da Hist\u00f3ria da FFP\/UERJ","og_description":"O curso de Licenciatura em Hist\u00f3ria procura formar profissionais para agirem com a desenvoltura necess\u00e1ria no mercado de trabalho, partindo do princ\u00edpio de que o professor de Hist\u00f3ria deve ser capaz de realizar a cr\u00edtica de qualquer narrativa historiogr\u00e1fica. Confere \u00eanfase ao exerc\u00edcio da pesquisa e da escrita da Hist\u00f3ria acad\u00eamica e escolar, ensejando ao &hellip; Continue reading Objetivos","og_url":"https:\/\/www.ppghsuerj.pro.br\/graducao-em-historia\/objetivos\/","og_site_name":"Portal da \u00c1rea da Hist\u00f3ria da FFP\/UERJ","article_modified_time":"2021-03-11T13:32:45+00:00","twitter_card":"summary_large_image","twitter_misc":{"Est. reading time":"2 minutes"},"schema":{"@context":"https:\/\/schema.org","@graph":[{"@type":"WebPage","@id":"https:\/\/www.ppghsuerj.pro.br\/graducao-em-historia\/objetivos\/","url":"https:\/\/www.ppghsuerj.pro.br\/graducao-em-historia\/objetivos\/","name":"Objetivos - Portal da \u00c1rea da Hist\u00f3ria da FFP\/UERJ","isPartOf":{"@id":"https:\/\/www.ppghsuerj.pro.br\/#website"},"datePublished":"2021-02-08T22:52:35+00:00","dateModified":"2021-03-11T13:32:45+00:00","breadcrumb":{"@id":"https:\/\/www.ppghsuerj.pro.br\/graducao-em-historia\/objetivos\/#breadcrumb"},"inLanguage":"en-US","potentialAction":[{"@type":"ReadAction","target":["https:\/\/www.ppghsuerj.pro.br\/graducao-em-historia\/objetivos\/"]}]},{"@type":"BreadcrumbList","@id":"https:\/\/www.ppghsuerj.pro.br\/graducao-em-historia\/objetivos\/#breadcrumb","itemListElement":[{"@type":"ListItem","position":1,"name":"In\u00edcio","item":"https:\/\/www.ppghsuerj.pro.br\/"},{"@type":"ListItem","position":2,"name":"Gradu\u00e7\u00e3o em Hist\u00f3ria","item":"https:\/\/www.ppghsuerj.pro.br\/graducao-em-historia\/"},{"@type":"ListItem","position":3,"name":"Objetivos"}]},{"@type":"WebSite","@id":"https:\/\/www.ppghsuerj.pro.br\/#website","url":"https:\/\/www.ppghsuerj.pro.br\/","name":"Portal da \u00c1rea da Hist\u00f3ria da FFP\/UERJ","description":"","potentialAction":[{"@type":"SearchAction","target":{"@type":"EntryPoint","urlTemplate":"https:\/\/www.ppghsuerj.pro.br\/?s={search_term_string}"},"query-input":{"@type":"PropertyValueSpecification","valueRequired":true,"valueName":"search_term_string"}}],"inLanguage":"en-US"}]}},"_links":{"self":[{"href":"https:\/\/www.ppghsuerj.pro.br\/en\/wp-json\/wp\/v2\/pages\/20","targetHints":{"allow":["GET"]}}],"collection":[{"href":"https:\/\/www.ppghsuerj.pro.br\/en\/wp-json\/wp\/v2\/pages"}],"about":[{"href":"https:\/\/www.ppghsuerj.pro.br\/en\/wp-json\/wp\/v2\/types\/page"}],"author":[{"embeddable":true,"href":"https:\/\/www.ppghsuerj.pro.br\/en\/wp-json\/wp\/v2\/users\/1"}],"replies":[{"embeddable":true,"href":"https:\/\/www.ppghsuerj.pro.br\/en\/wp-json\/wp\/v2\/comments?post=20"}],"version-history":[{"count":2,"href":"https:\/\/www.ppghsuerj.pro.br\/en\/wp-json\/wp\/v2\/pages\/20\/revisions"}],"predecessor-version":[{"id":209,"href":"https:\/\/www.ppghsuerj.pro.br\/en\/wp-json\/wp\/v2\/pages\/20\/revisions\/209"}],"up":[{"embeddable":true,"href":"https:\/\/www.ppghsuerj.pro.br\/en\/wp-json\/wp\/v2\/pages\/10"}],"wp:attachment":[{"href":"https:\/\/www.ppghsuerj.pro.br\/en\/wp-json\/wp\/v2\/media?parent=20"}],"curies":[{"name":"wp","href":"https:\/\/api.w.org\/{rel}","templated":true}]}}