{"id":153,"date":"2021-03-02T00:14:06","date_gmt":"2021-03-02T03:14:06","guid":{"rendered":"http:\/\/67.23.238.17\/~ppghsuerjpro\/novo\/?page_id=153"},"modified":"2024-11-22T19:06:55","modified_gmt":"2024-11-22T22:06:55","slug":"formularios","status":"publish","type":"page","link":"https:\/\/www.ppghsuerj.pro.br\/en\/programa-de-pos-graduacao-em-historia-social\/formularios\/","title":{"rendered":"(Portugu\u00eas do Brasil) Formul\u00e1rios"},"content":{"rendered":"<p class=\"qtranxs-available-languages-message qtranxs-available-languages-message-en\">Sorry, this entry is only available in <a href=\"https:\/\/www.ppghsuerj.pro.br\/pb\/wp-json\/wp\/v2\/pages\/153\" class=\"qtranxs-available-language-link qtranxs-available-language-link-pb\" title=\"Portugu\u00eas do Brasil\">Portugu\u00eas do Brasil<\/a>.<\/p>","protected":false},"excerpt":{"rendered":"<p>Sorry, this entry is only available in Portugu\u00eas do Brasil.<\/p>\n","protected":false},"author":1,"featured_media":0,"parent":12,"menu_order":0,"comment_status":"closed","ping_status":"closed","template":"","meta":{"_acf_changed":false,"footnotes":""},"class_list":["post-153","page","type-page","status-publish","hentry"],"acf":[],"yoast_head":"<!-- This site is optimized with the Yoast SEO plugin v26.9 - https:\/\/yoast.com\/product\/yoast-seo-wordpress\/ -->\n<title><\/title>\n<meta name=\"robots\" content=\"index, follow, max-snippet:-1, max-image-preview:large, max-video-preview:-1\" \/>\n<link rel=\"canonical\" href=\"https:\/\/www.ppghsuerj.pro.br\/programa-de-pos-graduacao-em-historia-social\/formularios\/\" \/>\n<meta property=\"og:locale\" content=\"en_US\" \/>\n<meta property=\"og:type\" content=\"article\" \/>\n<meta property=\"og:title\" content=\"[:pb]Formul\u00e1rios[:] - Portal da \u00c1rea da Hist\u00f3ria da FFP\/UERJ\" \/>\n<meta property=\"og:description\" content=\"Sorry, this entry is only available in Portugu\u00eas do Brasil.\" \/>\n<meta property=\"og:url\" content=\"https:\/\/www.ppghsuerj.pro.br\/programa-de-pos-graduacao-em-historia-social\/formularios\/\" \/>\n<meta property=\"og:site_name\" content=\"Portal da \u00c1rea da Hist\u00f3ria da FFP\/UERJ\" \/>\n<meta property=\"article:modified_time\" content=\"2024-11-22T22:06:55+00:00\" \/>\n<meta name=\"twitter:card\" content=\"summary_large_image\" \/>\n<meta name=\"twitter:label1\" content=\"Est. reading time\" \/>\n\t<meta name=\"twitter:data1\" content=\"1 minute\" \/>\n<script type=\"application\/ld+json\" class=\"yoast-schema-graph\">{\"@context\":\"https:\/\/schema.org\",\"@graph\":[{\"@type\":\"WebPage\",\"@id\":\"https:\/\/www.ppghsuerj.pro.br\/programa-de-pos-graduacao-em-historia-social\/formularios\/\",\"url\":\"https:\/\/www.ppghsuerj.pro.br\/programa-de-pos-graduacao-em-historia-social\/formularios\/\",\"name\":\"[:pb]Formul\u00e1rios[:] - Portal da \u00c1rea da Hist\u00f3ria da FFP\/UERJ\",\"isPartOf\":{\"@id\":\"https:\/\/www.ppghsuerj.pro.br\/#website\"},\"datePublished\":\"2021-03-02T03:14:06+00:00\",\"dateModified\":\"2024-11-22T22:06:55+00:00\",\"breadcrumb\":{\"@id\":\"https:\/\/www.ppghsuerj.pro.br\/programa-de-pos-graduacao-em-historia-social\/formularios\/#breadcrumb\"},\"inLanguage\":\"en-US\",\"potentialAction\":[{\"@type\":\"ReadAction\",\"target\":[\"https:\/\/www.ppghsuerj.pro.br\/programa-de-pos-graduacao-em-historia-social\/formularios\/\"]}]},{\"@type\":\"BreadcrumbList\",\"@id\":\"https:\/\/www.ppghsuerj.pro.br\/programa-de-pos-graduacao-em-historia-social\/formularios\/#breadcrumb\",\"itemListElement\":[{\"@type\":\"ListItem\",\"position\":1,\"name\":\"In\u00edcio\",\"item\":\"https:\/\/www.ppghsuerj.pro.br\/\"},{\"@type\":\"ListItem\",\"position\":2,\"name\":\"Programa de p\u00f3s-gradua\u00e7\u00e3o em Hist\u00f3ria Social\",\"item\":\"https:\/\/www.ppghsuerj.pro.br\/programa-de-pos-graduacao-em-historia-social\/\"},{\"@type\":\"ListItem\",\"position\":3,\"name\":\"Formul\u00e1rios\"}]},{\"@type\":\"WebSite\",\"@id\":\"https:\/\/www.ppghsuerj.pro.br\/#website\",\"url\":\"https:\/\/www.ppghsuerj.pro.br\/\",\"name\":\"Portal da \u00c1rea da Hist\u00f3ria da FFP\/UERJ\",\"description\":\"\",\"potentialAction\":[{\"@type\":\"SearchAction\",\"target\":{\"@type\":\"EntryPoint\",\"urlTemplate\":\"https:\/\/www.ppghsuerj.pro.br\/?s={search_term_string}\"},\"query-input\":{\"@type\":\"PropertyValueSpecification\",\"valueRequired\":true,\"valueName\":\"search_term_string\"}}],\"inLanguage\":\"en-US\"}]}<\/script>\n<!-- \/ Yoast SEO plugin. -->","yoast_head_json":{"title":"[:pb]Formul\u00e1rios[:] - Portal da \u00c1rea da Hist\u00f3ria da FFP\/UERJ","robots":{"index":"index","follow":"follow","max-snippet":"max-snippet:-1","max-image-preview":"max-image-preview:large","max-video-preview":"max-video-preview:-1"},"canonical":"https:\/\/www.ppghsuerj.pro.br\/programa-de-pos-graduacao-em-historia-social\/formularios\/","og_locale":"en_US","og_type":"article","og_title":"[:pb]Formul\u00e1rios[:] - Portal da \u00c1rea da Hist\u00f3ria da FFP\/UERJ","og_description":"Sorry, this entry is only available in Portugu\u00eas do Brasil.","og_url":"https:\/\/www.ppghsuerj.pro.br\/programa-de-pos-graduacao-em-historia-social\/formularios\/","og_site_name":"Portal da \u00c1rea da Hist\u00f3ria da FFP\/UERJ","article_modified_time":"2024-11-22T22:06:55+00:00","twitter_card":"summary_large_image","twitter_misc":{"Est. reading time":"1 minute"},"schema":{"@context":"https:\/\/schema.org","@graph":[{"@type":"WebPage","@id":"https:\/\/www.ppghsuerj.pro.br\/programa-de-pos-graduacao-em-historia-social\/formularios\/","url":"https:\/\/www.ppghsuerj.pro.br\/programa-de-pos-graduacao-em-historia-social\/formularios\/","name":"[:pb]Formul\u00e1rios[:] - Portal da \u00c1rea da Hist\u00f3ria da FFP\/UERJ","isPartOf":{"@id":"https:\/\/www.ppghsuerj.pro.br\/#website"},"datePublished":"2021-03-02T03:14:06+00:00","dateModified":"2024-11-22T22:06:55+00:00","breadcrumb":{"@id":"https:\/\/www.ppghsuerj.pro.br\/programa-de-pos-graduacao-em-historia-social\/formularios\/#breadcrumb"},"inLanguage":"en-US","potentialAction":[{"@type":"ReadAction","target":["https:\/\/www.ppghsuerj.pro.br\/programa-de-pos-graduacao-em-historia-social\/formularios\/"]}]},{"@type":"BreadcrumbList","@id":"https:\/\/www.ppghsuerj.pro.br\/programa-de-pos-graduacao-em-historia-social\/formularios\/#breadcrumb","itemListElement":[{"@type":"ListItem","position":1,"name":"In\u00edcio","item":"https:\/\/www.ppghsuerj.pro.br\/"},{"@type":"ListItem","position":2,"name":"Programa de p\u00f3s-gradua\u00e7\u00e3o em Hist\u00f3ria Social","item":"https:\/\/www.ppghsuerj.pro.br\/programa-de-pos-graduacao-em-historia-social\/"},{"@type":"ListItem","position":3,"name":"Formul\u00e1rios"}]},{"@type":"WebSite","@id":"https:\/\/www.ppghsuerj.pro.br\/#website","url":"https:\/\/www.ppghsuerj.pro.br\/","name":"Portal da \u00c1rea da Hist\u00f3ria da FFP\/UERJ","description":"","potentialAction":[{"@type":"SearchAction","target":{"@type":"EntryPoint","urlTemplate":"https:\/\/www.ppghsuerj.pro.br\/?s={search_term_string}"},"query-input":{"@type":"PropertyValueSpecification","valueRequired":true,"valueName":"search_term_string"}}],"inLanguage":"en-US"}]}},"_links":{"self":[{"href":"https:\/\/www.ppghsuerj.pro.br\/en\/wp-json\/wp\/v2\/pages\/153","targetHints":{"allow":["GET"]}}],"collection":[{"href":"https:\/\/www.ppghsuerj.pro.br\/en\/wp-json\/wp\/v2\/pages"}],"about":[{"href":"https:\/\/www.ppghsuerj.pro.br\/en\/wp-json\/wp\/v2\/types\/page"}],"author":[{"embeddable":true,"href":"https:\/\/www.ppghsuerj.pro.br\/en\/wp-json\/wp\/v2\/users\/1"}],"replies":[{"embeddable":true,"href":"https:\/\/www.ppghsuerj.pro.br\/en\/wp-json\/wp\/v2\/comments?post=153"}],"version-history":[{"count":78,"href":"https:\/\/www.ppghsuerj.pro.br\/en\/wp-json\/wp\/v2\/pages\/153\/revisions"}],"predecessor-version":[{"id":2134,"href":"https:\/\/www.ppghsuerj.pro.br\/en\/wp-json\/wp\/v2\/pages\/153\/revisions\/2134"}],"up":[{"embeddable":true,"href":"https:\/\/www.ppghsuerj.pro.br\/en\/wp-json\/wp\/v2\/pages\/12"}],"wp:attachment":[{"href":"https:\/\/www.ppghsuerj.pro.br\/en\/wp-json\/wp\/v2\/media?parent=153"}],"curies":[{"name":"wp","href":"https:\/\/api.w.org\/{rel}","templated":true}]}}